{"id":148,"date":"2019-10-12T15:48:53","date_gmt":"2019-10-12T15:48:53","guid":{"rendered":"http:\/\/testing.taegener.eu\/?page_id=148"},"modified":"2024-11-19T10:56:41","modified_gmt":"2024-11-19T10:56:41","slug":"trainingszeiten","status":"publish","type":"page","link":"https:\/\/bctempelhof.de\/?page_id=148","title":{"rendered":"Trainingszeiten"},"content":{"rendered":"\n<h2 class=\"wp-block-heading\">Trainingszeiten Bambini, Sch\u00fcler und Jugendliche<\/h2>\n\n\n\n<div class=\"wp-block-group\"><div class=\"wp-block-group__inner-container is-layout-constrained wp-block-group-is-layout-constrained\">\n<div class=\"wp-block-columns is-layout-flex wp-container-core-columns-is-layout-9d6595d7 wp-block-columns-is-layout-flex\">\n<div class=\"wp-block-column is-layout-flow wp-block-column-is-layout-flow\" style=\"flex-basis:100%\">\n<center>\n<!-- <figure id=\"tablepress-3\" class=\"wp-block-table is-style-regular\"> -->\n<table><thead><tr><th>Wochentag<\/th><th>Uhrzeit<\/th><th>Ort<\/th><th>Trainer<\/th><th>Zielgruppe<\/th><\/tr><\/thead><tbody><tr><td>Montag<\/td><td>16:30 &#8211; 17:30 Uhr<\/td><td>Machonhalle<\/td><td>Andreas Bernwald<\/td><td>Bambini (U3 &#8211; U6), 3-6 Jahre<\/td><\/tr><tr><td>Montag<\/td><td>17:30 . 19:00 Uhr<\/td><td>Machonhalle<\/td><td>Andreas Bernwald<\/td><td>Sch\u00fcler\/Jugendliche (U6 &#8211; U19)<\/td><\/tr><tr><td>Montag<\/td><td>18:30 . 19:30 Uhr<\/td><td>Machonhalle<\/td><td>Andreas Bernwald<\/td><td>Kader (U15 &#8211; U19)<\/tr><tr><td>Donnerstag<\/td><td>16:30 &#8211; 17:30 Uhr<\/td><td>Bosehalle<\/td><td>Andreas Bernwald<\/td><td>Bambini (U3 &#8211; U6), 3-6 Jahre<\/tr><tr><td>Donnerstag<\/td><td>16:30 &#8211; 18:00 Uhr<\/td><td>Bosehalle<\/td><td>Andreas Bernwald<\/td><td>Sch\u00fcler (U6 &#8211; U15), alle Spielst\u00e4rken<\/td><\/tr><tr><td>Donnerstag<\/td><td>18:00 &#8211; 19:30 Uhr<\/td><td>Bosehalle<\/td><td>Andreas Bernwald<\/td><td>Jugendliche (U15 &#8211; U19), alle Spielst\u00e4rken<\/td><\/tr><\/tbody><\/table>\n<!-- <\/figure> -->\n<\/center>\n<\/div>\n<\/div>\n<\/div><\/div>\n\n\n\n<h2 class=\"wp-block-heading\">Trainingsgruppe Bambini&nbsp;(U3 &#8211; U6)<\/h2>\n\n\n\n<p>In der Trainingsgruppe Bambini wird der Nachwuchs zwischen 3-6 Jahren betreut &#8211; M\u00e4dchen und Jungen spielen und lernen also gemeinsam. Unter Aufsicht unseres <a rel=\"noreferrer noopener\" href=\"https:\/\/bctempelhof.de\/?page_id=152\" target=\"_blank\">Cheftrainers Andreas Bernwald<\/a> lernen die J\u00fcngsten dabei alles, was sie brauchen, um in Zukunft auf dem Badmintonfeld bestehen zu k\u00f6nnen.<\/p>\n\n\n\n<p>F\u00fcr Bambini bieten wir zwei Trainingstermine pro Woche an. Dieser findet Donnerstags in der <a href=\"https:\/\/bctempelhof.de\/?page_id=162\" target=\"_blank\" rel=\"noreferrer noopener\">Bosehalle<\/a> statt. Wenn ihr vorher mit einem unserer Trainer sprechen wollt, tretet bitte unter folgendem Link mit unserem Cheftrainer Andreas Bernwald in <a href=\"https:\/\/bctempelhof.de\/?page_id=52\" target=\"_blank\" rel=\"noreferrer noopener\">Kontakt<\/a>. Ihr k\u00f6nnt aber auch einfach so vorbeikommen.<\/p>\n\n\n\n<h2 class=\"wp-block-heading\">Trainingsgruppe Sch\u00fcler&nbsp;(U6 &#8211; U15)<\/h2>\n\n\n\n<p>In der Trainingsgruppe Sch\u00fcler&nbsp;wird der Nachwuchs unter 15 Jahren betreut &#8211; M\u00e4dchen und Jungen spielen und lernen also gemeinsam. Unter Aufsicht unseres <a href=\"https:\/\/bctempelhof.de\/?page_id=152\" target=\"_blank\" rel=\"noreferrer noopener\">Cheftrainers Andreas Bernwald<\/a> lernen die J\u00fcngsten dabei alles, was sie brauchen, um in Zukunft auf dem Badmintonfeld bestehen zu k\u00f6nnen.<\/p>\n\n\n\n<p>Neben der F\u00f6rderung in der Breite ist es nat\u00fcrlich auch m\u00f6glich, die Begabtesten individuell zus\u00e4tzlich zu betreuen. Zudem k\u00f6nnen auch unter 15-J\u00e4hrige bei einem gewissen Talent schon fr\u00fch mit den \u00c4lteren trainieren und so schnellere Fortschritte machen. Denn beim BCT legen wir Wert darauf, jedes Kind so zu f\u00f6rdern und zu fordern, wie es angebracht ist.<\/p>\n\n\n\n<p>F\u00fcr Sch\u00fcler&nbsp;bieten wir zwei Trainingstermine pro Woche an. Diese finden montags in der <a href=\"https:\/\/bctempelhof.de\/?page_id=164\" target=\"_blank\" rel=\"noreferrer noopener\">Machonhalle<\/a> und donnerstags in der <a href=\"https:\/\/bctempelhof.de\/?page_id=162\" target=\"_blank\" rel=\"noreferrer noopener\">Bosehalle<\/a> statt. Wenn ihr vorher mit einem unserer Trainer sprechen wollt, tretet bitte unter folgendem Link mit unserem Cheftrainer Andreas Bernwald in <a href=\"https:\/\/bctempelhof.de\/?page_id=52\" target=\"_blank\" rel=\"noreferrer noopener\">Kontakt<\/a>. Ihr k\u00f6nnt aber auch einfach so vorbeikommen.<\/p>\n\n\n\n<h2 class=\"wp-block-heading\">Trainingsgruppe Jugendliche (U15-U19)<\/h2>\n\n\n\n<p>In der Trainingsgruppe der Jugendlichen trainieren und spielen alle Mitglieder zwischen dem 15. und 19. Lebensjahr. Diese Gruppe ist so gew\u00e4hlt, da man bis zur U19 noch an Jugendturnieren im Einzel, Doppel, Mixed und mit der Mannschaft teilnehmen kann. Sportlerinnen und Sportler in diesem Alter ben\u00f6tigen eine besondere F\u00f6rderung, um den \u00dcbergang vom Jugend- in den Erwachsenenbereich zu meistern. Diese F\u00f6rderung erhalten sie beim BCT sowohl in der Breite, als auch durch gesonderte Angebote in der Spitze.<\/p>\n\n\n\n<p>Ab einem bestimmten Alter raten wir unseren Jugendlichen daher zudem, auch am Freien Spiel der Erwachsenen teilzunehmen und bei einer gewissen Spielst\u00e4rke auch in einer Erwachsenenmannschaft mitzuspielen. Denn nur so k\u00f6nnen sie sich mit erfahreneren Spielern messen &#8211; und sich dadurch im Eiltempo verbessern. Mit diesem zweigleisigen Ansatz bereiten wir unseren Nachwuchs perfekt f\u00fcr die Herausforderungen im Erwachsenbereich vor.<\/p>\n\n\n\n<p>F\u00fcr Jugendliche bieten wir zwei Trainingstermine pro Woche an. Diese finden montags in der <a href=\"https:\/\/bctempelhof.de\/?page_id=164\" target=\"_blank\" rel=\"noreferrer noopener\">Machonhalle<\/a> und donnerstags in der <a href=\"https:\/\/bctempelhof.de\/?page_id=162\" target=\"_blank\" rel=\"noreferrer noopener\">Bosehalle<\/a> statt. Wenn ihr vorher mit einem unserer Trainer sprechen wollt, tretet bitte unter folgendem Link mit unserem Cheftrainer Andreas Bernwald in <a href=\"https:\/\/bctempelhof.de\/?page_id=52\" target=\"_blank\" rel=\"noreferrer noopener\">Kontakt<\/a>.&nbsp;Ihr k\u00f6nnt aber auch einfach so vorbeikommen.<\/p>\n\n\n\n<h2 class=\"wp-block-heading\">Trainingszeiten Erwachsene<\/h2>\n\n\n\n<center>\n<!--<figure class=\"wp-block-table is-style-regular\">-->\n<table><thead><tr><th><strong>Wochentag<\/strong><\/th><th><strong>Uhrzeit<\/strong><\/th><th><strong>Ort<\/strong><\/th><th><strong>Trainer<\/strong><\/th><th><strong>Zielgruppe<\/strong><\/th><\/tr><\/thead><tbody><tr><td>Montag<\/td><td>19:45 &#8211; 22:00 Uhr<\/td><td>Machonhalle<\/td><td>&#8211;<\/td><td>Freizeitspieler<\/td><\/tr><tr><td>Montag<\/td><td>19:00 &#8211; 22:00 Uhr<\/td><td>Bau\u00dfnernhalle<\/td><td>Dieter<\/td><td>Alle Mitglieder<\/td><\/tr><tr><td>Donnerstag<\/td><td>19:30 &#8211; 22:00 Uhr<\/td><td>Bosehalle<\/td><td>Andreas<\/td><td>Alle Mitglieder, Obere Mannschaften<\/td><\/tr><tr><td>Freitag<\/td><td>20:00 &#8211; 22:00 Uhr<\/td><td>Machonhalle<\/td><td>&#8211;<\/td><td>Freizeitspieler<\/td><\/tr><tr><td>Sonntag<\/td><td>10:00 &#8211; 13:00 Uhr<\/td><td>Machonhalle<\/td><td>&#8211;<\/td><td>Alle Mitglieder, nach Absprache<\/td><\/tr><\/tbody><\/table>\n<!--<\/figure>-->\n<\/center>\n\n\n\n<h2 class=\"wp-block-heading\">Trainingsgruppe Alle Mitglieder<\/h2>\n\n\n\n<p>Hier steht das Freie Spielen im \nVordergrund. Zwar wird Badmintontraining angeboten &#8211; und von vielen \nMitgliedern auch wahrgenommen &#8211; die meisten Spielerinnen und Spieler \nfokussieren sich jedoch auf Spiele im Einzel, Doppel und Mixed. Bei \ndiesen Spielen wird der Spa\u00df durch den Wettkampf gewonnen. Es geht ums \nGewinnen &#8211; aber in einer positiven Atmosph\u00e4re unter Freunden.<\/p>\n\n\n\n<p>Wichtig ist beim Freien Spiel auch, dass  jede und jeder zum Zug kommt. Es gibt keine eingefahrenen Kombinationen,  die das Feld blockieren, sondern die Spielpartner wechseln nach jedem  Spiel. Gerne spielen hier auch unterschiedliche Spielst\u00e4rken zusammen.  Denn nur so k\u00f6nnen die Schw\u00e4cheren etwas lernen und die St\u00e4rkeren ihr  Wissen um den Badmintonsport weitergeben. Beim Freien Spiel ist es daher  f\u00fcr neue Mitglieder am Einfachsten, die alten Hasen kennenzulernen und  sich an den BC Tempelhof zu gew\u00f6hnen. Viele von den Spielerinnen und  Spielern, die regelm\u00e4\u00dfig am Freien Spiel teilnehmen, bilden dann auch  unsere Mannschaften.<\/p>\n\n\n\n<h2 class=\"wp-block-heading\">Trainingsgruppe Freizeitspieler<\/h2>\n\n\n\n<p>Die Freizeitspieler lassen es etwas \nruhiger angehen. Sie sind eine kleinere Truppe von Spielerinnen und \nSpielern, die nicht unbedingt am Mannschaftsbetrieb oder an den \nTurnieren teilnehmen wollen. F\u00fcr sie steht das Badmintonspielen ohne \nLeistungsdruck im Vordergrund. Das hei\u00dft allerdings nicht, dass nicht \nauch in dieser Trainingsgruppe jeder jedes Spiel gewinnen m\u00f6chte.<\/p>\n\n\n\n<p>Auch bei den Freizeitspielern haben es \nNeuank\u00f6mmlinge leicht, sich zu integrieren. Da die Spielst\u00e4rken \nvergleichsweise homogen sind, kann man sich schnell in mit einem Doppel \noder Mixed auf das Feld stellen und loslegen. Geeignet ist die \nFreizeittruppe dabei auch f\u00fcr Spielerinnen und Spieler, die noch nicht \n\u00fcber allzu gro\u00dfe Erfahrung auf dem Badmintonfeld verf\u00fcgen. Denn hier \nkann jeder etwas lernen &#8211; und das von Gleichgesinnten in einer \nentspannten Atmosph\u00e4re.<\/p>\n\n\n\n<h2 class=\"wp-block-heading\">Trainingsgruppe obere Mannschaften<\/h2>\n\n\n\n<p>Diese Trainingsgruppe wurde speziell f\u00fcr  unsere Spielerinnen und Spieler aus den ersten drei Mannschaften ins  Leben gerufen. Diese machen zwar auch oft beim Freien Spiel mit und  teilen dort ihr Wissen mit den anderen Mitgliedern &#8211; aber f\u00fcr den Erfolg  im Mannschaftswettbewerb und bei Turnieren ist nat\u00fcrlich auch eine  spezielle F\u00f6rderung notwendig. Diese wird hier in einem fordernden  Umfeld von unserem Cheftrainer Andreas Bernwald &#8211; selbst Spieler in der 1. Mannschaft &#8211; angeboten.<\/p>\n\n\n\n<p>Dank dieses F\u00f6rdertrainings k\u00f6nnen wir \nnicht nur in der Breite, sondern auch in der Spitze perfekt auf die \nBed\u00fcrfnisse unserer Spielerinnen und Spieler eingehen. Damit bieten wir \nalles an, was einen Sportverein ausmachen sollte. Und das, ohne auf \nexterne Trainer zur\u00fcckgreifen zu m\u00fcssen.<\/p>\n","protected":false},"excerpt":{"rendered":"<p>Trainingszeiten Bambini, Sch\u00fcler und Jugendliche Wochentag Uhrzeit Ort Trainer Zielgruppe Montag 16:30 &#8211; 17:30 Uhr Machonhalle Andreas Bernwald Bambini (U3 &#8211; U6), 3-6 Jahre Montag 17:30 . 19:00 Uhr Machonhalle Andreas Bernwald Sch\u00fcler\/Jugendliche (U6 &#8211; U19) Montag 18:30 . 19:30 Uhr Machonhalle Andreas Bernwald Kader (U15 &#8211; U19) Donnerstag 16:30 &#8211; 17:30 Uhr Bosehalle Andreas [&hellip;]<\/p>\n","protected":false},"author":1,"featured_media":0,"parent":0,"menu_order":0,"comment_status":"closed","ping_status":"closed","template":"","meta":{"footnotes":""},"class_list":["post-148","page","type-page","status-publish","hentry"],"_links":{"self":[{"href":"https:\/\/bctempelhof.de\/index.php?rest_route=\/wp\/v2\/pages\/148","targetHints":{"allow":["GET"]}}],"collection":[{"href":"https:\/\/bctempelhof.de\/index.php?rest_route=\/wp\/v2\/pages"}],"about":[{"href":"https:\/\/bctempelhof.de\/index.php?rest_route=\/wp\/v2\/types\/page"}],"author":[{"embeddable":true,"href":"https:\/\/bctempelhof.de\/index.php?rest_route=\/wp\/v2\/users\/1"}],"replies":[{"embeddable":true,"href":"https:\/\/bctempelhof.de\/index.php?rest_route=%2Fwp%2Fv2%2Fcomments&post=148"}],"version-history":[{"count":25,"href":"https:\/\/bctempelhof.de\/index.php?rest_route=\/wp\/v2\/pages\/148\/revisions"}],"predecessor-version":[{"id":1045,"href":"https:\/\/bctempelhof.de\/index.php?rest_route=\/wp\/v2\/pages\/148\/revisions\/1045"}],"wp:attachment":[{"href":"https:\/\/bctempelhof.de\/index.php?rest_route=%2Fwp%2Fv2%2Fmedia&parent=148"}],"curies":[{"name":"wp","href":"https:\/\/api.w.org\/{rel}","templated":true}]}}