{"id":150,"date":"2019-10-12T15:50:03","date_gmt":"2019-10-12T15:50:03","guid":{"rendered":"http:\/\/testing.taegener.eu\/?page_id=150"},"modified":"2019-10-12T15:50:03","modified_gmt":"2019-10-12T15:50:03","slug":"trainingsmethoden","status":"publish","type":"page","link":"https:\/\/bctempelhof.de\/?page_id=150","title":{"rendered":"Trainingsmethoden"},"content":{"rendered":"\n<h2 class=\"wp-block-heading\">Mehrere Trainingsgruppen<\/h2>\n\n\n\n<p>Beim BC Tempelhof haben Erwachsene aller  Spielst\u00e4rken die M\u00f6glichkeit, sich durch angeleitetes Training stetig zu  verbessern (nat\u00fcrlich bieten wir auch Training f\u00fcr Sch\u00fcler und Jugendliche  an). Wir setzten dabei voll auf das gemeinsame Lernen von Spielerinnen  und Spielern aus allen Altersgruppen. Denn nur so k\u00f6nnen die Neulinge  sich an den erfahrenen Spielern orientieren und diese wiederum ihr  Wissen durch die Weitergabe und Wiederholung vertiefen.\u00a0<\/p>\n\n\n\n<p>Hinzu kommt das Fokustraining f\u00fcr  Spielerinnen und Spieler aus den ersten drei Mannschaften, die hier noch  einmal gesondert auf die speziellen Anforderungen des hohen  Spielniveaus vorbereitet werden. Genauere Informationen zur Aufteilung  unserer Trainingsgruppen findet ihr bei den Trainingszeiten. Und wem das noch nicht reicht, der kann sich in unseren Trainingslagern noch weitere Tricks und Kniffe beibringen lassen.<\/p>\n\n\n\n<h2 class=\"wp-block-heading\">Anspruch und Spa\u00df<\/h2>\n\n\n\n<p>Unser Training bietet eine gesunde \nMischung aus Lernen und Spa\u00df und steht auf vier S\u00e4ulen. Erstens werden \ndie wichtigen Schl\u00e4ge immer wieder in verschiedenen Situationen ge\u00fcbt, \ndamit diese in Fleisch und Blut \u00fcbergehen. Zweitens werden die Laufwege \neinstudiert, mit denen es den Aktiven m\u00f6glich ist, ihre Spiele mit \nvergleichsweise wenig Aufwand zu bestreiten. Hierzu kommen drittens die \nspeziellen Taktiken, mit deren Hilfe man dem Gegner das eigene Spiel \nbesser aufzwingen kann. Und viertens kommt auch die Fitness nicht zu \nkurz, an der wir mit ausgefeilten Konditions\u00fcbungen arbeiten.<\/p>\n\n\n\n<h2 class=\"wp-block-heading\">Erfahrene Trainer<\/h2>\n\n\n\n<p>Unsere erfahrenen Trainer  sorgen daf\u00fcr, dass das Training sich immer so einpendelt, dass alle  Beteiligten etwas f\u00fcr ihr Spiel mitnehmen k\u00f6nnen. Und wer einmal nicht  trainieren m\u00f6chte, f\u00fcr den stehen neben dem Training immer auch ein paar  Felder f\u00fcr das Freie Spiel zur Verf\u00fcgung. Hier kann das Gelernte  angewendet und unter Wettkampfbedingungen verfeinert werden, bevor es an  die Mannschaftsspiele oder Einzelmeisterschaften geht.<\/p>\n\n\n\n<p>Unser Badmintontraining f\u00fcr Erwachsene  richtet sich also an alle Spielerinnen und Spieler, die \u00e4lter als 19  Jahre sind. Aber nat\u00fcrlich k\u00f6nnen auch Jugendliche, die sich auf ihren  Einsatz in einer Erwachsenenmannschaft  vorbereiten, ohne Probleme daran teilnehmen. Sucht euch direkt eine f\u00fcr  euch passende Trainingszeit aus und kommt einfach unangemeldet vorbei.  Unsere Trainer und unsere Aktiven freuen sich auf euch.<\/p>\n","protected":false},"excerpt":{"rendered":"<p>Mehrere Trainingsgruppen Beim BC Tempelhof haben Erwachsene aller Spielst\u00e4rken die M\u00f6glichkeit, sich durch angeleitetes Training stetig zu verbessern (nat\u00fcrlich bieten wir auch Training f\u00fcr Sch\u00fcler und Jugendliche an). Wir setzten dabei voll auf das gemeinsame Lernen von Spielerinnen und Spielern aus allen Altersgruppen. Denn nur so k\u00f6nnen die Neulinge sich an den erfahrenen Spielern orientieren [&hellip;]<\/p>\n","protected":false},"author":1,"featured_media":0,"parent":0,"menu_order":0,"comment_status":"closed","ping_status":"closed","template":"","meta":{"footnotes":""},"class_list":["post-150","page","type-page","status-publish","hentry"],"_links":{"self":[{"href":"https:\/\/bctempelhof.de\/index.php?rest_route=\/wp\/v2\/pages\/150","targetHints":{"allow":["GET"]}}],"collection":[{"href":"https:\/\/bctempelhof.de\/index.php?rest_route=\/wp\/v2\/pages"}],"about":[{"href":"https:\/\/bctempelhof.de\/index.php?rest_route=\/wp\/v2\/types\/page"}],"author":[{"embeddable":true,"href":"https:\/\/bctempelhof.de\/index.php?rest_route=\/wp\/v2\/users\/1"}],"replies":[{"embeddable":true,"href":"https:\/\/bctempelhof.de\/index.php?rest_route=%2Fwp%2Fv2%2Fcomments&post=150"}],"version-history":[{"count":1,"href":"https:\/\/bctempelhof.de\/index.php?rest_route=\/wp\/v2\/pages\/150\/revisions"}],"predecessor-version":[{"id":151,"href":"https:\/\/bctempelhof.de\/index.php?rest_route=\/wp\/v2\/pages\/150\/revisions\/151"}],"wp:attachment":[{"href":"https:\/\/bctempelhof.de\/index.php?rest_route=%2Fwp%2Fv2%2Fmedia&parent=150"}],"curies":[{"name":"wp","href":"https:\/\/api.w.org\/{rel}","templated":true}]}}