{"id":154,"date":"2019-10-12T15:51:54","date_gmt":"2019-10-12T15:51:54","guid":{"rendered":"http:\/\/testing.taegener.eu\/?page_id=154"},"modified":"2019-10-12T15:51:54","modified_gmt":"2019-10-12T15:51:54","slug":"trainingslager","status":"publish","type":"page","link":"https:\/\/bctempelhof.de\/?page_id=154","title":{"rendered":"Trainingslager"},"content":{"rendered":"\n<figure class=\"wp-block-image is-resized\"><img loading=\"lazy\" decoding=\"async\" src=\"https:\/\/bctempelhof.de\/erwachsene\/wp-content\/uploads\/sites\/3\/2017\/02\/Traingslager_Erwachsene.jpg\" alt=\"EIn Bild vom Trainingslager f\u00fcr Erwachsene\" width=\"578\" height=\"383\"\/><\/figure>\n\n\n\n<p>Ein oder zwei Mal im Jahr bieten wir spezielle Trainingslager f\u00fcr Erwachsene an. Diese werden von unserem Cheftrainer Andreas Bernwald  durchgef\u00fchrt und erstrecken sich meist \u00fcber ein Wochenende. Hier lernt  ihr in einer kleinen Gruppe wichtige F\u00e4higkeiten im Hinblick auf die  Spieltaktiken im Einzel oder im Doppel.<\/p>\n\n\n\n<p>F\u00fcr diese Trainingslager m\u00fcsst ihr euch gesondert bei Andreas anmelden  &#8211; denn die Pl\u00e4tze sind begrenzt und es d\u00fcrfen auch Spielerinnen und  Spieler aus anderen Vereinen teilnehmen. Da Andreas diese in seiner  Freizeit anbietet, sind sie zudem kostenpflichtig. Genauere Infos k\u00f6nnt  ihr den Ausschreibungen entnehmen, die wir vor jeder Ausgabe rechtzeitig  hier online stellen.<\/p>\n","protected":false},"excerpt":{"rendered":"<p>Ein oder zwei Mal im Jahr bieten wir spezielle Trainingslager f\u00fcr Erwachsene an. Diese werden von unserem Cheftrainer Andreas Bernwald durchgef\u00fchrt und erstrecken sich meist \u00fcber ein Wochenende. Hier lernt ihr in einer kleinen Gruppe wichtige F\u00e4higkeiten im Hinblick auf die Spieltaktiken im Einzel oder im Doppel. F\u00fcr diese Trainingslager m\u00fcsst ihr euch gesondert bei [&hellip;]<\/p>\n","protected":false},"author":1,"featured_media":0,"parent":0,"menu_order":0,"comment_status":"closed","ping_status":"closed","template":"","meta":{"footnotes":""},"class_list":["post-154","page","type-page","status-publish","hentry"],"_links":{"self":[{"href":"https:\/\/bctempelhof.de\/index.php?rest_route=\/wp\/v2\/pages\/154","targetHints":{"allow":["GET"]}}],"collection":[{"href":"https:\/\/bctempelhof.de\/index.php?rest_route=\/wp\/v2\/pages"}],"about":[{"href":"https:\/\/bctempelhof.de\/index.php?rest_route=\/wp\/v2\/types\/page"}],"author":[{"embeddable":true,"href":"https:\/\/bctempelhof.de\/index.php?rest_route=\/wp\/v2\/users\/1"}],"replies":[{"embeddable":true,"href":"https:\/\/bctempelhof.de\/index.php?rest_route=%2Fwp%2Fv2%2Fcomments&post=154"}],"version-history":[{"count":1,"href":"https:\/\/bctempelhof.de\/index.php?rest_route=\/wp\/v2\/pages\/154\/revisions"}],"predecessor-version":[{"id":155,"href":"https:\/\/bctempelhof.de\/index.php?rest_route=\/wp\/v2\/pages\/154\/revisions\/155"}],"wp:attachment":[{"href":"https:\/\/bctempelhof.de\/index.php?rest_route=%2Fwp%2Fv2%2Fmedia&parent=154"}],"curies":[{"name":"wp","href":"https:\/\/api.w.org\/{rel}","templated":true}]}}