{"id":160,"date":"2019-10-12T15:54:15","date_gmt":"2019-10-12T15:54:15","guid":{"rendered":"http:\/\/testing.taegener.eu\/?page_id=160"},"modified":"2024-11-20T07:12:29","modified_gmt":"2024-11-20T07:12:29","slug":"baussnernhalle","status":"publish","type":"page","link":"https:\/\/bctempelhof.de\/?page_id=160","title":{"rendered":"Bau\u00dfnernhalle"},"content":{"rendered":"\n<div class=\"wp-block-columns is-layout-flex wp-container-core-columns-is-layout-9d6595d7 wp-block-columns-is-layout-flex\">\n<div class=\"wp-block-column is-layout-flow wp-block-column-is-layout-flow\">\n<div id=\"gmap_canvas\"><iframe loading=\"lazy\" scrolling=\"no\" marginheight=\"0\" src=\"https:\/\/maps.google.com\/maps?q=Bau\u00dfnernweg 8, 12279 Berlin, DE, &amp;t=&amp;z=14&amp;ie=UTF8&amp;iwloc=&amp;output=embed\" marginwidth=\"0\" width=\"100%\" height=\"325\" frameborder=\"0\"><\/iframe><\/div>\n<\/div>\n\n\n\n<div class=\"wp-block-column is-layout-flow wp-block-column-is-layout-flow\">\n<img decoding=\"async\" src=\"http:\/\/bctempelhof.de\/wp-content\/uploads\/2021\/03\/IMG_3243-700x700-1.jpg\" width=\"100%\" height=\"325\">\n<\/div>\n<\/div>\n\n\n\n<p>Kurz vor der Stadtgrenze in Marienfelde liegt die Bau\u00dfnernhalle, die wir seit dem Jahr 1993 bespielen. Hier stehen uns einmal pro Woche  sechs Badmintonfelder auf vor kurzem erneuertem Fu\u00dfboden &#8211; mit ganz  frischen Linien &#8211; zur Verf\u00fcgung. Die Halle wurde in den letzten Jahren  in mehreren Schritten modernisiert, sodass neben dem Gel\u00e4uf auch das  Licht und die Fenster auf dem neuesten&nbsp;Stand sind. In der Bau\u00dfnernhalle  treffen sich erwachsene Spieler aller Spielst\u00e4rken und Altersklassen zum  gemeinsamen Spielen. Und wer m\u00f6chte, kann auf Wunsch auch gerne ein  paar Trainerstunden  erhalten. Viele neue Mitglieder kommen auch zuerst in die  Bau\u00dfnernhalle, da hier aufgrund der vielen Felder immer genug Platz f\u00fcr  alle ist.<\/p>\n\n\n\n<p>Bis vor wenigen Jahren fanden in der Bau\u00dfnernhalle dar\u00fcber hinaus auch noch Mannschaftsspiele und das Jugendtraining  statt &#8211; gerade das Jugendtraining war zu dieser Zeit mit f\u00fchrend in  ganz Berlin. Diese Aktivit\u00e4ten wurden nun allerdings in die Bosehalle und die Machonhalle  verlagert, da diese deutlich zentraler gelegen sind. Aber auch  Jugendliche, die den Badmintonsport einmal n\u00e4her kennen lernen m\u00f6chten  und aus Marienfelde und Umgebung kommen, k\u00f6nnen gerne einmal  vorbeischauen und unangek\u00fcndigt mitspielen. In der Bau\u00dfnernhalle findet  zudem unser j\u00e4hrliches IDEAL Spa\u00dfturnier  statt, das wir in Zusammenarbeit mit unserem Sponsor, der  Baugenossenschaft IDEAL, veranstalten. All unsere Aktivit\u00e4ten spielen  sich dabei im Obergeschoss der zweist\u00f6ckigen Halle ab.<\/p>\n\n\n\n<h2 class=\"wp-block-heading\">Etwas au\u00dferhalb und doch gut zu erreichen<\/h2>\n\n\n\n<p>Die Bau\u00dfnernhalle geh\u00f6rt zur \nGustav-Heinemann-Oberschule. Sie liegt etwas abseits vom Schulgel\u00e4nde im\n Bau\u00dfnernweg in 12279 Berlin-Marienfelde. Aber obwohl die Halle am \nStadtrand gelegen ist, ist sie doch sehr einfach zu erreichen. Mit dem \nAuto muss man lediglich die Marienfelder Allee entlangfahren, in den \nBau\u00dfnernweg einbiegen und dann rechts auf den Parkplatz fahren. Denn nur\n \u00fcber diesen erreicht man unsere Halle &#8211; nicht zu verwechseln mit der \nzweiten Halle, die direkt an der Stra\u00dfe steht!<\/p>\n\n\n\n<p>Und auch mit den \u00f6ffentlichen \nVerkehrsmitteln kann man gut zur Bau\u00dfnernhalle gelangen. An der \nMarienfelder Allee halten an der Station Bau\u00dfnernweg die Busse 277, 710 \nund 711. Und an der fu\u00dfl\u00e4ufig f\u00fcnf Minuten entfernten Haltestelle \nWaldsassener Stra\u00dfe k\u00f6nnt ihr mit den Bussen M77 und M82 anreisen. Via \nGoogle Maps k\u00f6nnt ihr euch hier die beste Route zusammenstellen, um bald\n mit uns in Marienfelde Badminton zu spielen. Der BC Tempelhof freut \nsich auf euch!<\/p>\n\n\n\n<figure class=\"wp-block-image is-resized\"><img decoding=\"async\" src=\"https:\/\/bctempelhof.de\/erwachsene\/wp-content\/uploads\/sites\/3\/2017\/02\/Bau\u00dfnern_Innen.jpg\" alt=\"Die Bau\u00dfnernhalle von innen\" style=\"width:572px;height:381px\"\/><\/figure>\n","protected":false},"excerpt":{"rendered":"<p>Kurz vor der Stadtgrenze in Marienfelde liegt die Bau\u00dfnernhalle, die wir seit dem Jahr 1993 bespielen. Hier stehen uns einmal pro Woche sechs Badmintonfelder auf vor kurzem erneuertem Fu\u00dfboden &#8211; mit ganz frischen Linien &#8211; zur Verf\u00fcgung. Die Halle wurde in den letzten Jahren in mehreren Schritten modernisiert, sodass neben dem Gel\u00e4uf auch das Licht [&hellip;]<\/p>\n","protected":false},"author":1,"featured_media":0,"parent":0,"menu_order":0,"comment_status":"closed","ping_status":"closed","template":"","meta":{"footnotes":""},"class_list":["post-160","page","type-page","status-publish","hentry"],"_links":{"self":[{"href":"https:\/\/bctempelhof.de\/index.php?rest_route=\/wp\/v2\/pages\/160","targetHints":{"allow":["GET"]}}],"collection":[{"href":"https:\/\/bctempelhof.de\/index.php?rest_route=\/wp\/v2\/pages"}],"about":[{"href":"https:\/\/bctempelhof.de\/index.php?rest_route=\/wp\/v2\/types\/page"}],"author":[{"embeddable":true,"href":"https:\/\/bctempelhof.de\/index.php?rest_route=\/wp\/v2\/users\/1"}],"replies":[{"embeddable":true,"href":"https:\/\/bctempelhof.de\/index.php?rest_route=%2Fwp%2Fv2%2Fcomments&post=160"}],"version-history":[{"count":6,"href":"https:\/\/bctempelhof.de\/index.php?rest_route=\/wp\/v2\/pages\/160\/revisions"}],"predecessor-version":[{"id":1048,"href":"https:\/\/bctempelhof.de\/index.php?rest_route=\/wp\/v2\/pages\/160\/revisions\/1048"}],"wp:attachment":[{"href":"https:\/\/bctempelhof.de\/index.php?rest_route=%2Fwp%2Fv2%2Fmedia&parent=160"}],"curies":[{"name":"wp","href":"https:\/\/api.w.org\/{rel}","templated":true}]}}