{"id":410,"date":"2021-03-14T11:05:05","date_gmt":"2021-03-14T11:05:05","guid":{"rendered":"http:\/\/testing.taegener.eu\/?page_id=410"},"modified":"2022-01-07T09:36:46","modified_gmt":"2022-01-07T09:36:46","slug":"3-mannschaft","status":"publish","type":"page","link":"https:\/\/bctempelhof.de\/?page_id=410","title":{"rendered":"3. Mannschaft"},"content":{"rendered":"\n<div class=\"wp-block-columns is-layout-flex wp-container-core-columns-is-layout-9d6595d7 wp-block-columns-is-layout-flex\">\n<div class=\"wp-block-column is-layout-flow wp-block-column-is-layout-flow\" style=\"flex-basis:66.66%\">\n<figure class=\"wp-block-image size-large is-resized\"><img loading=\"lazy\" decoding=\"async\" src=\"http:\/\/testing.taegener.eu\/wp-content\/uploads\/2021\/03\/IMG_20191027_224547_390-1024x1024.jpg\" alt=\"\" class=\"wp-image-456\" width=\"512\" height=\"512\" srcset=\"https:\/\/bctempelhof.de\/wp-content\/uploads\/2021\/03\/IMG_20191027_224547_390-1024x1024.jpg 1024w, https:\/\/bctempelhof.de\/wp-content\/uploads\/2021\/03\/IMG_20191027_224547_390-300x300.jpg 300w, https:\/\/bctempelhof.de\/wp-content\/uploads\/2021\/03\/IMG_20191027_224547_390-150x150.jpg 150w, https:\/\/bctempelhof.de\/wp-content\/uploads\/2021\/03\/IMG_20191027_224547_390-768x768.jpg 768w, https:\/\/bctempelhof.de\/wp-content\/uploads\/2021\/03\/IMG_20191027_224547_390.jpg 1080w\" sizes=\"auto, (max-width: 512px) 100vw, 512px\" \/><\/figure>\n<\/div>\n\n\n\n<div class=\"wp-block-column is-layout-flow wp-block-column-is-layout-flow\" style=\"flex-basis:33.33%\">\n<h2 class=\"wp-block-heading\">Landesliga<\/h2>\n\n\n\n<p><strong>Damen:&nbsp;<\/strong><\/p>\n\n\n\n<ol class=\"wp-block-list\"><li>Hom\u00f6lle, Maren<\/li><li>B\u00f6hnke, Alexandra<\/li><li>H\u00f6ser, Meike<\/li><\/ol>\n\n\n\n<p><strong>Herren:<\/strong><\/p>\n\n\n\n<ol class=\"wp-block-list\"><li>Joppich, Josse<\/li><li>Goonaratne, Don<\/li><li>Klein, Mischa<\/li><li>Rout, Sandeep<\/li><\/ol>\n<\/div>\n<\/div>\n","protected":false},"excerpt":{"rendered":"<p>Landesliga Damen:&nbsp; Hom\u00f6lle, Maren B\u00f6hnke, Alexandra H\u00f6ser, Meike Herren: Joppich, Josse Goonaratne, Don Klein, Mischa Rout, Sandeep<\/p>\n","protected":false},"author":1,"featured_media":0,"parent":0,"menu_order":0,"comment_status":"closed","ping_status":"closed","template":"","meta":{"footnotes":""},"class_list":["post-410","page","type-page","status-publish","hentry"],"_links":{"self":[{"href":"https:\/\/bctempelhof.de\/index.php?rest_route=\/wp\/v2\/pages\/410","targetHints":{"allow":["GET"]}}],"collection":[{"href":"https:\/\/bctempelhof.de\/index.php?rest_route=\/wp\/v2\/pages"}],"about":[{"href":"https:\/\/bctempelhof.de\/index.php?rest_route=\/wp\/v2\/types\/page"}],"author":[{"embeddable":true,"href":"https:\/\/bctempelhof.de\/index.php?rest_route=\/wp\/v2\/users\/1"}],"replies":[{"embeddable":true,"href":"https:\/\/bctempelhof.de\/index.php?rest_route=%2Fwp%2Fv2%2Fcomments&post=410"}],"version-history":[{"count":5,"href":"https:\/\/bctempelhof.de\/index.php?rest_route=\/wp\/v2\/pages\/410\/revisions"}],"predecessor-version":[{"id":767,"href":"https:\/\/bctempelhof.de\/index.php?rest_route=\/wp\/v2\/pages\/410\/revisions\/767"}],"wp:attachment":[{"href":"https:\/\/bctempelhof.de\/index.php?rest_route=%2Fwp%2Fv2%2Fmedia&parent=410"}],"curies":[{"name":"wp","href":"https:\/\/api.w.org\/{rel}","templated":true}]}}