{"id":437,"date":"2021-03-14T11:36:49","date_gmt":"2021-03-14T11:36:49","guid":{"rendered":"http:\/\/testing.taegener.eu\/?page_id=437"},"modified":"2021-03-14T11:36:49","modified_gmt":"2021-03-14T11:36:49","slug":"weihnachtsturnier","status":"publish","type":"page","link":"https:\/\/bctempelhof.de\/?page_id=437","title":{"rendered":"Weihnachtsturnier"},"content":{"rendered":"\n<figure class=\"wp-block-image\"><img decoding=\"async\" src=\"https:\/\/bctempelhof.de\/erwachsene\/wp-content\/uploads\/sites\/3\/2017\/02\/Weihnachtsturnier.jpg\" alt=\"Ein Bild der Siegerehrung vom Weihnachtsturnier\" title=\"Weihnachtsturnier\"\/><\/figure>\n\n\n\n<h2 class=\"wp-block-heading\">Badminton in der Vorweihnachtszeit<\/h2>\n\n\n\n<p>Neben all den besinnlichen Aktivit\u00e4ten mit Familien und Freunden geh\u00f6rt f\u00fcr die Mitglieder des BC Tempelhof seit vielen Jahren das traditionelle Weihnachtsturnier zu den Dingen, auf die man sich in der Vorweihnachtszeit am meisten freut. An diesem Turnier in der\u00a0Bosehalle\u00a0k\u00f6nnen alle Mitglieder des BCT ohne vorherige Anmeldung teilnehmen.<\/p>\n\n\n\n<p>Gespielt wird dabei in zuf\u00e4llig ausgelosten Doppeln. Die Doppelkombinationen werden nach jedem Spiel neu zugeteilt. Es spielen also alle Altersklassen und Spielst\u00e4rken bunt durchmischt miteinander. Gewinnen tut das Turnier, wer am Ende des Tages die meisten Spiele gewonnen und damit die meisten Schleifchen eingesammelt hat.<\/p>\n\n\n\n<p>Das Weihnachtsturnier findet jedes Jahr an einem Wochenende vor Weihnachten statt und wird nat\u00fcrlich auch in diesem Jahr wieder ausgetragen. Die genauen Daten werden wir euch hier rechtzeitig zur Verf\u00fcgung stellen und auch in unseren drei Hallen noch einmal gesondert aush\u00e4ngen.<\/p>\n","protected":false},"excerpt":{"rendered":"<p>Badminton in der Vorweihnachtszeit Neben all den besinnlichen Aktivit\u00e4ten mit Familien und Freunden geh\u00f6rt f\u00fcr die Mitglieder des BC Tempelhof seit vielen Jahren das traditionelle Weihnachtsturnier zu den Dingen, auf die man sich in der Vorweihnachtszeit am meisten freut. An diesem Turnier in der\u00a0Bosehalle\u00a0k\u00f6nnen alle Mitglieder des BCT ohne vorherige Anmeldung teilnehmen. Gespielt wird dabei [&hellip;]<\/p>\n","protected":false},"author":1,"featured_media":0,"parent":0,"menu_order":0,"comment_status":"closed","ping_status":"closed","template":"","meta":{"footnotes":""},"class_list":["post-437","page","type-page","status-publish","hentry"],"_links":{"self":[{"href":"https:\/\/bctempelhof.de\/index.php?rest_route=\/wp\/v2\/pages\/437","targetHints":{"allow":["GET"]}}],"collection":[{"href":"https:\/\/bctempelhof.de\/index.php?rest_route=\/wp\/v2\/pages"}],"about":[{"href":"https:\/\/bctempelhof.de\/index.php?rest_route=\/wp\/v2\/types\/page"}],"author":[{"embeddable":true,"href":"https:\/\/bctempelhof.de\/index.php?rest_route=\/wp\/v2\/users\/1"}],"replies":[{"embeddable":true,"href":"https:\/\/bctempelhof.de\/index.php?rest_route=%2Fwp%2Fv2%2Fcomments&post=437"}],"version-history":[{"count":1,"href":"https:\/\/bctempelhof.de\/index.php?rest_route=\/wp\/v2\/pages\/437\/revisions"}],"predecessor-version":[{"id":438,"href":"https:\/\/bctempelhof.de\/index.php?rest_route=\/wp\/v2\/pages\/437\/revisions\/438"}],"wp:attachment":[{"href":"https:\/\/bctempelhof.de\/index.php?rest_route=%2Fwp%2Fv2%2Fmedia&parent=437"}],"curies":[{"name":"wp","href":"https:\/\/api.w.org\/{rel}","templated":true}]}}