{"id":441,"date":"2021-03-14T11:39:20","date_gmt":"2021-03-14T11:39:20","guid":{"rendered":"http:\/\/testing.taegener.eu\/?page_id=441"},"modified":"2021-03-14T11:39:20","modified_gmt":"2021-03-14T11:39:20","slug":"ideal-turnier","status":"publish","type":"page","link":"https:\/\/bctempelhof.de\/?page_id=441","title":{"rendered":"Ideal Turnier"},"content":{"rendered":"\n<figure class=\"wp-block-image\"><img decoding=\"async\" src=\"https:\/\/bctempelhof.de\/erwachsene\/wp-content\/uploads\/sites\/3\/2017\/02\/IDEAL-Turnier.png\" alt=\"Siegerehrung beim IDEAL Turnier\" title=\"IDEAL Turnier\"\/><\/figure>\n\n\n\n<h2 class=\"wp-block-heading\">Spa\u00df f\u00fcr alle Mitglieder der&nbsp;BG IDEAL<\/h2>\n\n\n\n<p>Schon seit vielen Jahren ist die\u00a0<a rel=\"noreferrer noopener\" href=\"http:\/\/www.bg-ideal.de\/\" target=\"_blank\">Baugenossenschaft IDEAL<\/a>\u00a0als einer unser Sponsoren aktiv. Das Logo der IDEAL prangt dabei beispielsweise auf den Trikots unserer Mannschaften. Daher haben wir uns gemeinschaftlich entschlossen, in Zusammenarbeit mit der IDEAL ein Badmintonturnier in der\u00a0Bau\u00dfnernhalle\u00a0zu veranstalten.<\/p>\n\n\n\n<p>Dieses Turnier steht allen Mitgliedern der BG IDEAL offen. Gespielt wird dabei in zuf\u00e4llig ausgelosten Doppelkombinationen, die sich f\u00fcr jedes neue Spiel \u00e4ndern. Am Ende spielen die vier erfolgreichsten Spielerinnen und Spieler des Tages in einem Finale um den Gesamtsieg, der mit einem Pokal belohnt wird.<\/p>\n\n\n\n<p>Das IDEAL Spa\u00dfturnier findet einmal pro Jahr, jeweils im zweiten Quartal, statt und ist nat\u00fcrlich auch f\u00fcr dieses Jahr wieder geplant. Die genauen Daten werden wir euch hier rechtzeitig mitteilen. Zudem wird die Baugenossenschaft IDEAL per Aushang in ihren H\u00e4usern \u00fcber das Turnier und die Anmeldeformalit\u00e4ten informieren.<\/p>\n\n\n\n<figure class=\"wp-block-image\"><a href=\"https:\/\/bctempelhof.de\/erwachsene\/wp-content\/uploads\/sites\/3\/nggallery\/ideal-turnier\/Ideal-Turnier1.jpg\"><img decoding=\"async\" src=\"https:\/\/bctempelhof.de\/erwachsene\/wp-content\/uploads\/sites\/3\/nggallery\/ideal-turnier\/Ideal-Turnier1.jpg\" alt=\"Ideal-Turnier\" title=\"Ideal-Turnier\"\/><\/a><\/figure>\n","protected":false},"excerpt":{"rendered":"<p>Spa\u00df f\u00fcr alle Mitglieder der&nbsp;BG IDEAL Schon seit vielen Jahren ist die\u00a0Baugenossenschaft IDEAL\u00a0als einer unser Sponsoren aktiv. Das Logo der IDEAL prangt dabei beispielsweise auf den Trikots unserer Mannschaften. Daher haben wir uns gemeinschaftlich entschlossen, in Zusammenarbeit mit der IDEAL ein Badmintonturnier in der\u00a0Bau\u00dfnernhalle\u00a0zu veranstalten. Dieses Turnier steht allen Mitgliedern der BG IDEAL offen. Gespielt [&hellip;]<\/p>\n","protected":false},"author":1,"featured_media":0,"parent":0,"menu_order":0,"comment_status":"closed","ping_status":"closed","template":"","meta":{"footnotes":""},"class_list":["post-441","page","type-page","status-publish","hentry"],"_links":{"self":[{"href":"https:\/\/bctempelhof.de\/index.php?rest_route=\/wp\/v2\/pages\/441","targetHints":{"allow":["GET"]}}],"collection":[{"href":"https:\/\/bctempelhof.de\/index.php?rest_route=\/wp\/v2\/pages"}],"about":[{"href":"https:\/\/bctempelhof.de\/index.php?rest_route=\/wp\/v2\/types\/page"}],"author":[{"embeddable":true,"href":"https:\/\/bctempelhof.de\/index.php?rest_route=\/wp\/v2\/users\/1"}],"replies":[{"embeddable":true,"href":"https:\/\/bctempelhof.de\/index.php?rest_route=%2Fwp%2Fv2%2Fcomments&post=441"}],"version-history":[{"count":1,"href":"https:\/\/bctempelhof.de\/index.php?rest_route=\/wp\/v2\/pages\/441\/revisions"}],"predecessor-version":[{"id":442,"href":"https:\/\/bctempelhof.de\/index.php?rest_route=\/wp\/v2\/pages\/441\/revisions\/442"}],"wp:attachment":[{"href":"https:\/\/bctempelhof.de\/index.php?rest_route=%2Fwp%2Fv2%2Fmedia&parent=441"}],"curies":[{"name":"wp","href":"https:\/\/api.w.org\/{rel}","templated":true}]}}