{"id":52,"date":"2019-10-11T19:00:23","date_gmt":"2019-10-11T19:00:23","guid":{"rendered":"http:\/\/testing.taegener.eu\/?page_id=52"},"modified":"2021-10-21T07:37:28","modified_gmt":"2021-10-21T07:37:28","slug":"kontakt","status":"publish","type":"page","link":"https:\/\/bctempelhof.de\/?page_id=52","title":{"rendered":"Kontakt"},"content":{"rendered":"\n<p>Ihr habt Fragen zum BC Tempelhof oder m\u00f6chtet mit<br>einem unserer Verantwortlichen sprechen, bevor ihr zum ersten Mal beim<br>Training vorbeischaut?<\/p>\n\n\n\n<p>Gar kein Problem. Ihr habt folgende<br>Kontaktm\u00f6glichkeiten.<\/p>\n\n\n\n<p>Unter der Telefonnummer 0152 \/ 085 516 82<br>k\u00f6nnt ihr unseren Sportwart und Cheftrainer Andreas Bernwald erreichen.<br>Wenn er gerade Training gibt, ruft er euch nat\u00fcrlich schnellstm\u00f6glich<br>zur\u00fcck.<\/p>\n\n\n\n<p>Wollt ihr mit einem bestimmten Vorstandsmitglied kommunizieren, so k\u00f6nnt ihr euch auf der <a href=\"https:\/\/bctempelhof.de\/erwachsene\/vorstand\/\" target=\"_blank\" rel=\"noreferrer noopener\">Vorstandsseite<\/a><br>\u00fcber die entsprechende E-Mail Adresse informieren. Alternativ k\u00f6nnt ihr<br>auch das folgende Kontaktformular nutzen. Eure Nachricht erreicht den<br>Vorstand, der sich dann umgehend mit euch in Verbindung setzen wird.<\/p>\n\n\n\n<p>Wir freuen uns auf euch!<\/p>\n\n\n<div class=\"wpforms-container wpforms-container-full wpforms-block\" id=\"wpforms-681\"><form id=\"wpforms-form-681\" class=\"wpforms-validate wpforms-form wpforms-ajax-form\" data-formid=\"681\" method=\"post\" enctype=\"multipart\/form-data\" action=\"\/index.php?rest_route=%2Fwp%2Fv2%2Fpages%2F52\" data-token=\"d0f33cf7ece3cbfc99de0585edd7e848\" data-token-time=\"1777624248\"><noscript class=\"wpforms-error-noscript\">Bitte aktiviere JavaScript in deinem Browser, um dieses Formular fertigzustellen.<\/noscript><div class=\"wpforms-field-container\"><div id=\"wpforms-681-field_0-container\" class=\"wpforms-field wpforms-field-name\" data-field-id=\"0\"><label class=\"wpforms-field-label\">Name <span class=\"wpforms-required-label\">*<\/span><\/label><div class=\"wpforms-field-row wpforms-field-medium\"><div class=\"wpforms-field-row-block wpforms-first wpforms-one-half\"><input type=\"text\" id=\"wpforms-681-field_0\" class=\"wpforms-field-name-first wpforms-field-required\" name=\"wpforms[fields][0][first]\" placeholder=\"Vorname\" required><label for=\"wpforms-681-field_0\" class=\"wpforms-field-sublabel after\">Vorname<\/label><\/div><div class=\"wpforms-field-row-block wpforms-one-half\"><input type=\"text\" id=\"wpforms-681-field_0-last\" class=\"wpforms-field-name-last wpforms-field-required\" name=\"wpforms[fields][0][last]\" placeholder=\"Nachname\" required><label for=\"wpforms-681-field_0-last\" class=\"wpforms-field-sublabel after\">Nachname<\/label><\/div><\/div><\/div><div id=\"wpforms-681-field_1-container\" class=\"wpforms-field wpforms-field-email\" data-field-id=\"1\"><label class=\"wpforms-field-label\" for=\"wpforms-681-field_1\">Email <span class=\"wpforms-required-label\">*<\/span><\/label><input type=\"email\" id=\"wpforms-681-field_1\" class=\"wpforms-field-medium wpforms-field-required\" name=\"wpforms[fields][1]\" placeholder=\"Email-Adresse\" spellcheck=\"false\" required><\/div><div id=\"wpforms-681-field_3-container\" class=\"wpforms-field wpforms-field-text\" data-field-id=\"3\"><label class=\"wpforms-field-label\" for=\"wpforms-681-field_3\">Betreff <span class=\"wpforms-required-label\">*<\/span><\/label><input type=\"text\" id=\"wpforms-681-field_3\" class=\"wpforms-field-medium wpforms-field-required\" name=\"wpforms[fields][3]\" placeholder=\"Betreff\" required><\/div><div id=\"wpforms-681-field_2-container\" class=\"wpforms-field wpforms-field-textarea\" data-field-id=\"2\"><label class=\"wpforms-field-label\" for=\"wpforms-681-field_2\">Nachricht <span class=\"wpforms-required-label\">*<\/span><\/label><textarea id=\"wpforms-681-field_2\" class=\"wpforms-field-medium wpforms-field-required\" name=\"wpforms[fields][2]\" required><\/textarea><\/div><\/div><!-- .wpforms-field-container --><div class=\"wpforms-submit-container\" ><input type=\"hidden\" name=\"wpforms[id]\" value=\"681\"><input type=\"hidden\" name=\"page_title\" value=\"\"><input type=\"hidden\" name=\"page_url\" value=\"https:\/\/bctempelhof.de\/index.php?rest_route=\/wp\/v2\/pages\/52\"><input type=\"hidden\" name=\"url_referer\" value=\"\"><button type=\"submit\" name=\"wpforms[submit]\" id=\"wpforms-submit-681\" class=\"wpforms-submit\" data-alt-text=\"Senden...\" data-submit-text=\"Absenden\" aria-live=\"assertive\" value=\"wpforms-submit\">Absenden<\/button><img loading=\"lazy\" decoding=\"async\" src=\"https:\/\/bctempelhof.de\/wp-content\/plugins\/wpforms-lite\/assets\/images\/submit-spin.svg\" class=\"wpforms-submit-spinner\" style=\"display: none;\" width=\"26\" height=\"26\" alt=\"Wird geladen\"><\/div><\/form><\/div>  <!-- .wpforms-container -->","protected":false},"excerpt":{"rendered":"<p>Ihr habt Fragen zum BC Tempelhof oder m\u00f6chtet miteinem unserer Verantwortlichen sprechen, bevor ihr zum ersten Mal beimTraining vorbeischaut? Gar kein Problem. Ihr habt folgendeKontaktm\u00f6glichkeiten. Unter der Telefonnummer 0152 \/ 085 516 82k\u00f6nnt ihr unseren Sportwart und Cheftrainer Andreas Bernwald erreichen.Wenn er gerade Training gibt, ruft er euch nat\u00fcrlich schnellstm\u00f6glichzur\u00fcck. Wollt ihr mit einem bestimmten [&hellip;]<\/p>\n","protected":false},"author":1,"featured_media":0,"parent":0,"menu_order":0,"comment_status":"closed","ping_status":"closed","template":"","meta":{"footnotes":""},"class_list":["post-52","page","type-page","status-publish","hentry"],"_links":{"self":[{"href":"https:\/\/bctempelhof.de\/index.php?rest_route=\/wp\/v2\/pages\/52","targetHints":{"allow":["GET"]}}],"collection":[{"href":"https:\/\/bctempelhof.de\/index.php?rest_route=\/wp\/v2\/pages"}],"about":[{"href":"https:\/\/bctempelhof.de\/index.php?rest_route=\/wp\/v2\/types\/page"}],"author":[{"embeddable":true,"href":"https:\/\/bctempelhof.de\/index.php?rest_route=\/wp\/v2\/users\/1"}],"replies":[{"embeddable":true,"href":"https:\/\/bctempelhof.de\/index.php?rest_route=%2Fwp%2Fv2%2Fcomments&post=52"}],"version-history":[{"count":10,"href":"https:\/\/bctempelhof.de\/index.php?rest_route=\/wp\/v2\/pages\/52\/revisions"}],"predecessor-version":[{"id":686,"href":"https:\/\/bctempelhof.de\/index.php?rest_route=\/wp\/v2\/pages\/52\/revisions\/686"}],"wp:attachment":[{"href":"https:\/\/bctempelhof.de\/index.php?rest_route=%2Fwp%2Fv2%2Fmedia&parent=52"}],"curies":[{"name":"wp","href":"https:\/\/api.w.org\/{rel}","templated":true}]}}